{"id":1098,"date":"2014-04-02T08:30:37","date_gmt":"2014-04-02T07:30:37","guid":{"rendered":"http:\/\/www.aucoindelaroue.com\/?page_id=1098"},"modified":"2014-09-13T16:45:47","modified_gmt":"2014-09-13T15:45:47","slug":"les-autres-periples","status":"publish","type":"page","link":"http:\/\/www.aucoindelaroue.com\/en\/les-autres-periples\/","title":{"rendered":"Other travels"},"content":{"rendered":"<p>With the Other Travels menu, you will see our articles about other biking projects,<br \/>\ncomme notre <a href=\"http:\/\/www.aucoindelaroue.com\/category\/parislondres\/\" title=\"Paris-Londres 2013\">Paris-Londres effectu\u00e9 en aout 2013 \u00e0 v\u00e9los et rollers entre potes!<\/a><br \/>\n<\/p>","protected":false},"excerpt":{"rendered":"<p>With the Other Travels menu, you will see our articles about other biking projects, comme notre Paris-Londres effectu\u00e9 en aout 2013 \u00e0 v\u00e9los et rollers entre potes!<\/p>\n","protected":false},"author":4,"featured_media":0,"parent":0,"menu_order":0,"comment_status":"open","ping_status":"open","template":"","meta":[],"_links":{"self":[{"href":"http:\/\/www.aucoindelaroue.com\/en\/wp-json\/wp\/v2\/pages\/1098"}],"collection":[{"href":"http:\/\/www.aucoindelaroue.com\/en\/wp-json\/wp\/v2\/pages"}],"about":[{"href":"http:\/\/www.aucoindelaroue.com\/en\/wp-json\/wp\/v2\/types\/page"}],"author":[{"embeddable":true,"href":"http:\/\/www.aucoindelaroue.com\/en\/wp-json\/wp\/v2\/users\/4"}],"replies":[{"embeddable":true,"href":"http:\/\/www.aucoindelaroue.com\/en\/wp-json\/wp\/v2\/comments?post=1098"}],"version-history":[{"count":5,"href":"http:\/\/www.aucoindelaroue.com\/en\/wp-json\/wp\/v2\/pages\/1098\/revisions"}],"predecessor-version":[{"id":2542,"href":"http:\/\/www.aucoindelaroue.com\/en\/wp-json\/wp\/v2\/pages\/1098\/revisions\/2542"}],"wp:attachment":[{"href":"http:\/\/www.aucoindelaroue.com\/en\/wp-json\/wp\/v2\/media?parent=1098"}],"curies":[{"name":"wp","href":"https:\/\/api.w.org\/{rel}","templated":true}]}}